{"id":16,"date":"2022-09-01T18:12:25","date_gmt":"2022-09-01T18:12:25","guid":{"rendered":"https:\/\/animalerie-aqua-tek.com\/?page_id=16"},"modified":"2022-09-01T18:12:25","modified_gmt":"2022-09-01T18:12:25","slug":"rabais","status":"publish","type":"page","link":"https:\/\/animalerie-aqua-tek.com\/?page_id=16","title":{"rendered":"Rabais"},"content":{"rendered":"<p align=\"justify\"><span class=\"style5\">Sur pr\u00e9sentation de cette page, vous obtiendrez un rabais de 15% sur la marchandise et animaux \u00e0 prix r\u00e9gulier*.<\/span><\/p>\n<p class=\"style7\" align=\"justify\">* = L&rsquo;Offre n&rsquo;est pas applicable sur les chiens, les chats et la nourriture pour chien et chat. L&rsquo;Offre se termine le 31 D\u00e9cembre 2023 . L&rsquo;Offre est valable pour l&rsquo;Animalerie Aqua-Tek de St-Sauveur<\/p>\n","protected":false},"excerpt":{"rendered":"<p>Sur pr\u00e9sentation de cette page, vous obtiendrez un rabais de 15% sur la marchandise et animaux \u00e0 prix r\u00e9gulier*. * = L&rsquo;Offre n&rsquo;est pas applicable sur les chiens, les chats et la nourriture pour chien et chat. L&rsquo;Offre se termine le 31 D\u00e9cembre 2023 . L&rsquo;Offre est valable pour l&rsquo;Animalerie Aqua-Tek de St-Sauveur<\/p>\n","protected":false},"author":1,"featured_media":0,"parent":0,"menu_order":0,"comment_status":"closed","ping_status":"closed","template":"","meta":{"footnotes":""},"class_list":["post-16","page","type-page","status-publish","hentry"],"_links":{"self":[{"href":"https:\/\/animalerie-aqua-tek.com\/index.php?rest_route=\/wp\/v2\/pages\/16","targetHints":{"allow":["GET"]}}],"collection":[{"href":"https:\/\/animalerie-aqua-tek.com\/index.php?rest_route=\/wp\/v2\/pages"}],"about":[{"href":"https:\/\/animalerie-aqua-tek.com\/index.php?rest_route=\/wp\/v2\/types\/page"}],"author":[{"embeddable":true,"href":"https:\/\/animalerie-aqua-tek.com\/index.php?rest_route=\/wp\/v2\/users\/1"}],"replies":[{"embeddable":true,"href":"https:\/\/animalerie-aqua-tek.com\/index.php?rest_route=%2Fwp%2Fv2%2Fcomments&post=16"}],"version-history":[{"count":1,"href":"https:\/\/animalerie-aqua-tek.com\/index.php?rest_route=\/wp\/v2\/pages\/16\/revisions"}],"predecessor-version":[{"id":17,"href":"https:\/\/animalerie-aqua-tek.com\/index.php?rest_route=\/wp\/v2\/pages\/16\/revisions\/17"}],"wp:attachment":[{"href":"https:\/\/animalerie-aqua-tek.com\/index.php?rest_route=%2Fwp%2Fv2%2Fmedia&parent=16"}],"curies":[{"name":"wp","href":"https:\/\/api.w.org\/{rel}","templated":true}]}}